{"id":1633,"date":"2016-01-18T12:53:30","date_gmt":"2016-01-18T12:53:30","guid":{"rendered":"http:\/\/www.kumikameli.com\/www\/?page_id=1633"},"modified":"2016-01-18T12:54:04","modified_gmt":"2016-01-18T12:54:04","slug":"boan-arkki-2015","status":"publish","type":"page","link":"https:\/\/www.kumikameli.com\/www\/?page_id=1633","title":{"rendered":"Boan arkki 2015"},"content":{"rendered":"<p>VIALLISET<\/p>\n<p>tapahtuiko se silloin<br \/>\nkun ekan kerran uskalsit valehdella<br \/>\netk\u00e4 j\u00e4\u00e4nytk\u00e4\u00e4n kiinni<br \/>\nvaan voitit vanhempasi viekkaudessa<\/p>\n<p>sen j\u00e4lkeen ei mik\u00e4\u00e4n ollut ennallaan<br \/>\nv\u00e4ritkin n\u00e4yttiv\u00e4t haalistuneilta<br \/>\nei vesik\u00e4\u00e4n maistunut raikkaalta<br \/>\nunetkin synkemmiks muuttuivat<\/p>\n<p>milloin meist\u00e4 tulee viallisia<\/p>\n<p>tapahtuiko se silloin<br \/>\nkun tyhjensit siskosi s\u00e4\u00e4st\u00f6porsaan<br \/>\nvai tapahtuiko se silloin<br \/>\nkun yll\u00e4tit set\u00e4s veljes vuoteesta<\/p>\n<p>sen j\u00e4lkeen ei mik\u00e4\u00e4n ollut ennallaan<br \/>\nv\u00e4ritkin n\u00e4yttiv\u00e4t haalistuneilta<br \/>\nei vesik\u00e4\u00e4n maistunut raikkaalta<br \/>\nunetkin synkemmiks muuttuivat<\/p>\n<p>milloin meist\u00e4 tulee viallisia (milloin meist\u00e4 tulee)<\/p>\n<p>tapahtuiko se silloin<br \/>\nkun et ekan kerran viitsinytk\u00e4\u00e4n maksaa<br \/>\nhymyilit vain kassalla<br \/>\nja se l\u00e4ski \u00e4mm\u00e4 hymyili sulle takas<\/p>\n<p>milloin meist\u00e4 tulee viallisia (milloin meist\u00e4 tulee)<\/p>\n<p>JOUTOMAALLA<\/p>\n<p>joutomies, joutomaalla<br \/>\nvetelehtii joutilaana<\/p>\n<p>kaiken turhan kaatopaikka, paskaa riitt\u00e4\u00e4 rintaan saakka<br \/>\npuristaa ja musertaa, alleen tahtoo rusentaa<\/p>\n<p>ruoho on oikeasti vihre\u00e4mp\u00e4\u00e4 aidan toisella puolella<br \/>\nmutta aita on saatanan korkea, s\u00e4hk\u00f6istetty ja harjalla lasin siruja<\/p>\n<p>tunkee suuhun, tunkee korviin<br \/>\neik\u00e4 anna, liikahtakaan<br \/>\nkovin kourin, pit\u00e4\u00e4 kiinni<br \/>\npes\u00e4n tekee, nivusiin<\/p>\n<p>vaikka laittaisi silm\u00e4t kiinni, ne luikertelee uniinkin<br \/>\nvaikka laittaisi silm\u00e4t kiinni, ne luikertelee uniinkin<\/p>\n<p>ruoho on oikeasti vihre\u00e4mp\u00e4\u00e4 aidan toisella puolella<br \/>\nmutta aita on saatanan korkea, s\u00e4hk\u00f6istetty ja harjalla lasin siruja<\/p>\n<p>se vihre\u00e4 ei oo edes ruohoa, vaan lihansy\u00f6j\u00e4 kasveja<br \/>\nverenhimoisina odottamassa, lounasta ilmaista<br \/>\nEN NUKU EN\u00c4\u00c4 IKIN\u00c4<\/p>\n<p>nuku nyt t\u00e4ss\u00e4 kun luomet ovat lasia<br \/>\nnuku nyt t\u00e4ss\u00e4 kun tyyny korvaan vihelt\u00e4\u00e4<br \/>\nkammottavaa s\u00e4velm\u00e4\u00e4<br \/>\nen nuku en\u00e4\u00e4 ikin\u00e4!<\/p>\n<p>nuku nyt t\u00e4ss\u00e4, joku kaapissani lymy\u00e4\u00e4<br \/>\nnuku nyt t\u00e4ss\u00e4, se kutsuu mua nimelt\u00e4<br \/>\nmist\u00e4 se sen tiet\u00e4\u00e4?<\/p>\n<p>en nuku en\u00e4\u00e4 ikin\u00e4!<br \/>\nen nuku en\u00e4\u00e4 ikin\u00e4!<br \/>\nen nuku en\u00e4\u00e4 ikin\u00e4!<br \/>\nen nuku en\u00e4\u00e4<\/p>\n<p>jos jostain pit\u00e4is tinki\u00e4, en nuku en\u00e4\u00e4 ikin\u00e4<br \/>\nponteva ja pirte\u00e4, en nuku en\u00e4\u00e4 ikin\u00e4<br \/>\nahkera ja ty\u00f6teli\u00e4s, en nuku en\u00e4\u00e4 ikin\u00e4<br \/>\n\u00e4\u00e4ni hiiren vikin\u00e4\u00e4, en nuku en\u00e4\u00e4 ikin\u00e4!<\/p>\n<p>en nuku en\u00e4\u00e4 ikin\u00e4!<\/p>\n<p>nuku nyt t\u00e4ss\u00e4, joku pihallani hiippailee<br \/>\nnuku nyt t\u00e4ss\u00e4, se kurkun multa leikkaa<br \/>\nkorvasta korvaan<\/p>\n<p>en nuku en\u00e4\u00e4 ikin\u00e4!<\/p>\n<p>nuku nyt t\u00e4ss\u00e4 kun on aivan liian hiljaista<br \/>\nnuku nyt t\u00e4ss\u00e4, kuulen kuinka parta kasvaa<br \/>\nsis\u00e4\u00e4np\u00e4in<br \/>\nen nuku en\u00e4\u00e4 ikin\u00e4!<\/p>\n<p>LIERON TIE<\/p>\n<p>jokainen lahjakas mies, vaatii rinnalleen lahjattoman naisen<br \/>\ntyper\u00e4n bimbon, notkean horon<br \/>\nalla viiden tuuman korot<br \/>\nmin\u00e4 en ole lahjakas mies<\/p>\n<p>jokainen \u00e4lyk\u00e4s mies, vaatii rinnalleen \u00e4lytt\u00f6m\u00e4n naisen<br \/>\nkikattavan limbon, joka viisauksista hunajalla maksaa<br \/>\nmin\u00e4 en ole \u00e4lyk\u00e4s mies<\/p>\n<p>olen k\u00e4\u00e4rme ja sulta kielletyn hedelm\u00e4n anastan<br \/>\nolen k\u00e4\u00e4rme ja povellesi pes\u00e4n rakennan<br \/>\nolen k\u00e4\u00e4rme ja ymp\u00e4rillesi kietoudun ja puristan<br \/>\nolen k\u00e4\u00e4rme ja pehme\u00e4sti korvaasi kuiskutan<br \/>\nsen mit\u00e4 kuulla haluat<\/p>\n<p>jokainen vahva mies, vaatii rinnalleen heikon naisen<br \/>\nlasinen lintu suojelua kaipaa<br \/>\nja lihaksia jumaloida jaksaa<br \/>\nmin\u00e4 en ole vahva mies<\/p>\n<p>olen k\u00e4\u00e4rme ja sulta kielletyn hedelm\u00e4n anastan<br \/>\nolen k\u00e4\u00e4rme ja povellesi pes\u00e4n rakennan<br \/>\nolen k\u00e4\u00e4rme ja ymp\u00e4rillesi kietoudun ja puristan<br \/>\nolen k\u00e4\u00e4rme ja pehme\u00e4sti korvaasi kuiskutan<\/p>\n<p>jokainen lempe\u00e4 mies, vaatii rinnalleen julman naisen<br \/>\narmottoman nartun, joka perhoselta siivet polttaa<br \/>\nmin\u00e4 en ole lempe\u00e4 mies<\/p>\n","protected":false},"excerpt":{"rendered":"<p>VIALLISET tapahtuiko se silloin kun ekan kerran uskalsit valehdella etk\u00e4 j\u00e4\u00e4nytk\u00e4\u00e4n kiinni vaan voitit vanhempasi viekkaudessa sen j\u00e4lkeen ei&hellip;<\/p>\n","protected":false},"author":1,"featured_media":0,"parent":1201,"menu_order":0,"comment_status":"closed","ping_status":"closed","template":"","meta":{"footnotes":""},"class_list":["post-1633","page","type-page","status-publish","hentry"],"_links":{"self":[{"href":"https:\/\/www.kumikameli.com\/www\/index.php?rest_route=\/wp\/v2\/pages\/1633","targetHints":{"allow":["GET"]}}],"collection":[{"href":"https:\/\/www.kumikameli.com\/www\/index.php?rest_route=\/wp\/v2\/pages"}],"about":[{"href":"https:\/\/www.kumikameli.com\/www\/index.php?rest_route=\/wp\/v2\/types\/page"}],"author":[{"embeddable":true,"href":"https:\/\/www.kumikameli.com\/www\/index.php?rest_route=\/wp\/v2\/users\/1"}],"replies":[{"embeddable":true,"href":"https:\/\/www.kumikameli.com\/www\/index.php?rest_route=%2Fwp%2Fv2%2Fcomments&post=1633"}],"version-history":[{"count":1,"href":"https:\/\/www.kumikameli.com\/www\/index.php?rest_route=\/wp\/v2\/pages\/1633\/revisions"}],"predecessor-version":[{"id":1634,"href":"https:\/\/www.kumikameli.com\/www\/index.php?rest_route=\/wp\/v2\/pages\/1633\/revisions\/1634"}],"up":[{"embeddable":true,"href":"https:\/\/www.kumikameli.com\/www\/index.php?rest_route=\/wp\/v2\/pages\/1201"}],"wp:attachment":[{"href":"https:\/\/www.kumikameli.com\/www\/index.php?rest_route=%2Fwp%2Fv2%2Fmedia&parent=1633"}],"curies":[{"name":"wp","href":"https:\/\/api.w.org\/{rel}","templated":true}]}}