{"id":1326,"date":"2015-03-10T09:40:41","date_gmt":"2015-03-10T09:40:41","guid":{"rendered":"http:\/\/www.kumikameli.com\/www\/?page_id=1326"},"modified":"2015-03-10T09:40:41","modified_gmt":"2015-03-10T09:40:41","slug":"oparin-aarteet","status":"publish","type":"page","link":"http:\/\/www.kumikameli.com\/www\/?page_id=1326","title":{"rendered":"Oparin aarteet"},"content":{"rendered":"<p><b>1. OPARIN AARTEET <\/b><br \/>\n<i>riffi : C,C,BbC,D#,F,D#,A#,A#,G,F,F,G,D#,F,D#;D,Bb <\/i><\/p>\n<p>D&#8212;&#8212;&#8212;G&#8212;&#8212;&#8212;&#8211;D&#8212;&#8212;&#8212;&#8212;&#8212;-G&#8212;&#8212;&#8211;<br \/>\nhaalistunut perhekalleus k\u00e4tketty pieneen laatikkoon<br \/>\nja sen avain piilotettu toiseen melkein samanlaiseen<\/p>\n<p>inhottavat lapsuusmuistot piilotit vihkoon siniseen<br \/>\njonka sulloit vaatekaappiin ja sen avaimen pakastimeen<\/p>\n<p>Bb&#8212;&#8212;&#8212;F&#8211;D#&#8212;&#8212;&#8212;&#8212;&#8212;Bb&#8211;F&#8211;D#&#8212;&#8212;&#8212;&#8212;&#8212;-G#<br \/>\nsuoriksi mutkat, suoriksi kaarteet tulen ja vien sulta oparin aarteet<br \/>\nvarotoimistasi pilkkaa teen tulen ja vien sulta oparin aarteet<\/p>\n<p>vikisev\u00e4n hiiri paran naamioit salonkileijonaksi<br \/>\npelon kylm\u00e4n hikinoron muutit puhetulvaksi<br \/>\npuran sinut kuin villapaidan josta silmukat on katkenneet<br \/>\nj\u00e4ljell\u00e4 p\u00e4iv\u00e4t ep\u00e4varmat ja rasia koruton<\/p>\n<p>&nbsp;<\/p>\n<p><b>2. ADONIS-KOMPLEKSI<\/b><\/p>\n<p><i>riffi : H <\/i><\/p>\n<p>H&#8212;&#8212;&#8212;&#8212;&#8212;&#8212;&#8212;&#8212;&#8212;&#8212;&#8212;&#8212;&#8212;&#8211;<br \/>\npit\u00e4s olla \u00e4ly\u00e4 ja pit\u00e4s olla koulutusta<br \/>\npit\u00e4s olla hyv\u00e4 auto pit\u00e4s olla kova liksa<br \/>\npit\u00e4s olla luksus-talo pit\u00e4s olla iso tontti<br \/>\nett\u00e4 sille mahtuu huvimaja<\/p>\n<p>pit\u00e4s olla lihaksia pit\u00e4s olla hyv\u00e4 ryhti<br \/>\npit\u00e4s olla tukkaa p\u00e4\u00e4ss\u00e4 niinku jollain apinalla<br \/>\nei sais leuan alla olla edes pienen pient\u00e4 helttaa<br \/>\niso kultakoru pit\u00e4is varmaan kaulaan laittaa<\/p>\n<p>kynnetkin ois hoidettava nypitt\u00e4v\u00e4 kulmakarvat<br \/>\nnen\u00e4karvat inhottavat kutittaa ja ker\u00e4\u00e4 r\u00e4k\u00e4\u00e4<br \/>\nrasvaimu paras imu jenkkakahvat vege hoitaa<br \/>\ntv-shopin kuntotuotteet loppusilauksen antaa<\/p>\n<p>C&#8212;&#8212;G#C&#8230;H<br \/>\nadonis&#8212;&#8212;&#8212;kompleksi<br \/>\nadonis&#8212;&#8212;&#8212;kompleksi<\/p>\n<p>pit\u00e4s l\u00f6yt\u00e4\u00e4 oma tyyli oma tyyli paras tyyli<br \/>\nmuttei liian erilainen ettei sit\u00e4 paheksuta<br \/>\nettei oma koira tule kuse, pure omaa nilkkaa<br \/>\npilaa viel\u00e4 uudet keng\u00e4t tahi uudet silkkisukat<\/p>\n<p>&nbsp;<\/p>\n<p><b>3. JIPPIAIJEE<\/b><\/p>\n<p><i>riffi : E, C, H <\/i><\/p>\n<p>A&#8212;&#8212;&#8212;&#8212;&#8212;&#8212;&#8211;D&#8212;&#8212;&#8212;&#8212;-E&#8211;<br \/>\nkyyti, johon liftailet, on t\u00e4yteen buukattu<br \/>\n&#8212;&#8212;F&#8212;&#8212;&#8212;&#8212;-C<br \/>\nsiihen ket\u00e4\u00e4n mahdu ei<br \/>\nA&#8212;&#8212;&#8212;&#8212;&#8212;&#8212;&#8211;D&#8212;&#8212;&#8212;&#8212;-E&#8211;<br \/>\nei hotellissaskaan, ole vapaita huoneita<br \/>\n&#8212;&#8212;-F&#8212;&#8211;C&#8212;&#8212;-H<br \/>\nt\u00e4ynn\u00e4 aulan sohvakin<br \/>\nA&#8212;&#8212;&#8212;&#8212;&#8212;&#8212;&#8212;&#8211;E&#8212;&#8212;&#8212;D&#8212;&#8212;&#8212;&#8212;&#8211;<br \/>\njippiaijee, panostan ilkeyteen, paha pahan palkitsee<br \/>\n&#8212;&#8212;-F&#8212;&#8212;&#8212;&#8212;-<br \/>\nvoittaa keppi hevosen<br \/>\nA&#8212;&#8212;&#8212;&#8212;&#8212;&#8212;&#8212;&#8211;E&#8212;-F&#8212;&#8212;&#8212;&#8212;C<br \/>\njippiaijee, panostan ilkeyteen, ahneen loppukin,<br \/>\n&#8212;&#8212;&#8212;&#8212;&#8212;-Bb&#8212;&#8212;&#8212;&#8211;E&#8212;&#8212;&#8211;<br \/>\nsopii mit\u00e4 parhaiten olkoonkin paskainen<\/p>\n<p>kama, jota kaupittelet, haisee raadolle<br \/>\nja kuhisee matoja<br \/>\nse en\u00e4\u00e4 kelpaa ei, edes k\u00e4rp\u00e4sille<br \/>\nnahkasiipisille<\/p>\n<p>&nbsp;<\/p>\n<p><b>4. PERVO<\/b><\/p>\n<p><i>riffi : G, F, C, Bb, G, F, C <\/i><\/p>\n<p>F&#8212;&#8212;&#8211;Dm&#8212;C, F&#8212;&#8212;-Dm&#8211;C<br \/>\nvihdoin l\u00f6ytyi syy miksi viitsii yritt\u00e4\u00e4<br \/>\nvihdoin l\u00f6ytyi joku jolle jaksaa jotain esitt\u00e4\u00e4<\/p>\n<p>vaikka oonkin syksy ja talvikin jo h\u00e4\u00e4m\u00f6tt\u00e4\u00e4<br \/>\nvoisit olla kev\u00e4t, voisit olla jopa kes\u00e4kin<br \/>\nAm&#8211;C&#8211;Dm-G<br \/>\nrakkaani<br \/>\nAm&#8211;C&#8211;F-Dm<br \/>\npysyth\u00e4n vierell\u00e4ni<br \/>\nAm&#8211;C&#8211;Dm-G<br \/>\nrakkaani,<br \/>\nAm&#8211;C&#8211;F-Dm<br \/>\ntahdon puraista persett\u00e4si<\/p>\n<p>sekoitat p\u00e4\u00e4ni sekoitat kielenikin<br \/>\nkirosanat vaihtuu korulauseisiin<\/p>\n<p>&nbsp;<\/p>\n<p><b>5. PILAANTUNUTTA ILMAA<\/b><\/p>\n<p><i>riffi : Gm, Dm, Cm, D# <\/i><\/p>\n<p>D&#8212;&#8212;&#8212;&#8212;&#8212;&#8212;&#8212;&#8212;&#8212;&#8212;&#8211;G#<br \/>\nei h\u00e4nt\u00e4 huomaa, illan h\u00e4m\u00e4r\u00e4ss\u00e4<br \/>\nei h\u00e4nt\u00e4 huomaa kirkkaassa p\u00e4iv\u00e4n valossakaan<br \/>\nei h\u00e4nt\u00e4 huomaa, vaikka seisoo aivan vierell\u00e4si<br \/>\nei h\u00e4nt\u00e4 huomaa, vaikka s\u00f6isi p\u00f6yd\u00e4ss\u00e4si<\/p>\n<p>ei h\u00e4nt\u00e4 huomaa edes oma vaimo vieh\u00e4tt\u00e4v\u00e4<br \/>\nei h\u00e4nt\u00e4 huomaa omat lapset pirte\u00e4tk\u00e4\u00e4n<br \/>\nei h\u00e4nt\u00e4 huomaa duunipaikan valkopaidat<br \/>\nk\u00e4velev\u00e4t p\u00e4\u00e4lle kuin t\u00f6rm\u00e4ysautot tivolissa<\/p>\n<p>F&#8212;&#8212;&#8212;&#8212;&#8212;&#8211;Dm&#8212;&#8212;&#8212;&#8212;<br \/>\nei oo herkkuu olla n\u00e4kym\u00e4t\u00f6n mies<br \/>\nF&#8212;&#8212;Bb&#8212;&#8212;&#8212;Gm&#8212;&#8212;&#8212;&#8212;-<br \/>\nei lihaa verta, vain ilmaa pilaantunutta<br \/>\nF&#8212;&#8212;&#8212;&#8212;&#8212;&#8211;Dm&#8212;&#8212;&#8212;&#8212;<br \/>\nei oo herkkuu olla n\u00e4kym\u00e4t\u00f6n mies<br \/>\nAm&#8212;&#8212;&#8211;Bb&#8212;&#8212;&#8211;C&#8212;&#8212;&#8212;-<br \/>\ntirkistelyss\u00e4k\u00e4\u00e4n ei oo en\u00e4\u00e4 hohtoa<\/p>\n<p>ei h\u00e4nt\u00e4 haista, tarkkakuono vainukoira<br \/>\nei h\u00e4nt\u00e4 kuule, teknolude p\u00f6yd\u00e4n alla<br \/>\nei h\u00e4nt\u00e4 tunne edes oma vaimo vieh\u00e4tt\u00e4v\u00e4<br \/>\nei h\u00e4nt\u00e4 muista vaikka olis mik\u00e4 merkkip\u00e4iv\u00e4<\/p>\n<p>&nbsp;<\/p>\n<p><b>6. TURHAT MANAUKSET<\/b><\/p>\n<p>F#m&#8212;&#8212;&#8212;&#8212;&#8212;&#8212;-Am&#8212;&#8212;&#8211;Bb&#8211;<br \/>\nei tullut tuomaan rauhaa ei sit\u00e4 toistakaan<br \/>\nmeni aurinko pilveen tummanpuhuvaan<br \/>\nlehdet alkoi kellastua linnut tippui oksiltaan<br \/>\nei tullut tuomaan rauhaa no ei todellakaan<\/p>\n<p>riffi : Hm, E, F#m, D, Hm, E, F#m, G<br \/>\nF#m&#8212;&#8212;&#8212;&#8212;-Am&#8212;&#8212;&#8211;Bb<br \/>\nvaivaista on kulku sopertelua puhe<br \/>\nkaikki n\u00e4m\u00e4 vuodet turhat manaukset<\/p>\n<p>Hm&#8212;&#8212;&#8212;&#8211;F&#8212;&#8212;-E&#8211;<br \/>\nrepaleiset siivet nyljetty p\u00e4\u00e4<br \/>\nHm&#8212;&#8212;&#8212;&#8212;F&#8212;&#8212;&#8212;&#8212;&#8212;-D-<br \/>\nk\u00f6mpel\u00f6 ja hidas tahdoton l\u00e4hettil\u00e4s<br \/>\nkylv\u00e4nyt ei riitaa liek\u00f6 ollut siemeni\u00e4k\u00e4\u00e4n<br \/>\nlietsonut ei sotaa veltto varjo per\u00e4ss\u00e4\u00e4n<\/p>\n","protected":false},"excerpt":{"rendered":"<p>1. OPARIN AARTEET riffi : C,C,BbC,D#,F,D#,A#,A#,G,F,F,G,D#,F,D#;D,Bb D&#8212;&#8212;&#8212;G&#8212;&#8212;&#8212;&#8211;D&#8212;&#8212;&#8212;&#8212;&#8212;-G&#8212;&#8212;&#8211; haalistunut perhekalleus k\u00e4tketty pieneen laatikkoon ja sen avain piilotettu toiseen melkein samanlaiseen&hellip;<\/p>\n","protected":false},"author":1,"featured_media":0,"parent":1312,"menu_order":0,"comment_status":"open","ping_status":"open","template":"","meta":{"footnotes":""},"class_list":["post-1326","page","type-page","status-publish","hentry"],"_links":{"self":[{"href":"http:\/\/www.kumikameli.com\/www\/index.php?rest_route=\/wp\/v2\/pages\/1326","targetHints":{"allow":["GET"]}}],"collection":[{"href":"http:\/\/www.kumikameli.com\/www\/index.php?rest_route=\/wp\/v2\/pages"}],"about":[{"href":"http:\/\/www.kumikameli.com\/www\/index.php?rest_route=\/wp\/v2\/types\/page"}],"author":[{"embeddable":true,"href":"http:\/\/www.kumikameli.com\/www\/index.php?rest_route=\/wp\/v2\/users\/1"}],"replies":[{"embeddable":true,"href":"http:\/\/www.kumikameli.com\/www\/index.php?rest_route=%2Fwp%2Fv2%2Fcomments&post=1326"}],"version-history":[{"count":1,"href":"http:\/\/www.kumikameli.com\/www\/index.php?rest_route=\/wp\/v2\/pages\/1326\/revisions"}],"predecessor-version":[{"id":1327,"href":"http:\/\/www.kumikameli.com\/www\/index.php?rest_route=\/wp\/v2\/pages\/1326\/revisions\/1327"}],"up":[{"embeddable":true,"href":"http:\/\/www.kumikameli.com\/www\/index.php?rest_route=\/wp\/v2\/pages\/1312"}],"wp:attachment":[{"href":"http:\/\/www.kumikameli.com\/www\/index.php?rest_route=%2Fwp%2Fv2%2Fmedia&parent=1326"}],"curies":[{"name":"wp","href":"https:\/\/api.w.org\/{rel}","templated":true}]}}